{"id":4790,"date":"2019-09-11T20:08:20","date_gmt":"2019-09-11T19:08:20","guid":{"rendered":"http:\/\/galipot.fr\/sitesfga\/blog\/wordpress\/?page_id=4790"},"modified":"2023-11-12T12:37:58","modified_gmt":"2023-11-12T11:37:58","slug":"films-projetes","status":"publish","type":"page","link":"http:\/\/galipot.fr\/sitesfga\/blog\/wordpress\/?page_id=4790","title":{"rendered":"Films projet\u00e9s&#8230;"},"content":{"rendered":"<p><a href=\"https:\/\/www.cinemalacane.fr\/\">Au cin\u00e9ma \u00ab\u00a0la Cane\u00a0\u00bb de Montfort sur Meu&nbsp;<\/a><\/p>\n\n\n<h1 class=\"wp-block-heading\"><strong>2023<\/strong> &#8211; <\/h1>\n\n\n\n<p>Novembre<\/p>\n\n\n\n<p><span style=\"display: block\">\n                    <a href=\"https:\/\/www.themoviedb.org\/movie\/960033\" title=\"Le Th\u00e9or\u00e8me de Marguerite\">Le Th\u00e9or\u00e8me de Marguerite<\/a>\n                    &nbsp;  <\/span><span style=\"display: block\">\n                    <a href=\"https:\/\/www.themoviedb.org\/movie\/977340\" title=\"L'air de la mer rend libre\">L&rsquo;air de la mer rend libre<\/a>\n                    &nbsp;  <\/span><\/p>\n\n\n\n<ul class=\"wp-block-list\">\n<li><\/li>\n<\/ul>\n\n\n\n<p>Octobre<\/p>\n\n\n\n<p><span style=\"display: block\">\n                    <a href=\"https:\/\/www.themoviedb.org\/movie\/934506\" title=\"Un m\u00e9tier s\u00e9rieux\">Un m\u00e9tier s\u00e9rieux<\/a>\n                    &nbsp;  <\/span><span style=\"display: block\">\n                    <a href=\"https:\/\/www.themoviedb.org\/movie\/989224\" title=\"Toni, en famille\">Toni, en famille<\/a>\n                    &nbsp;  <\/span><span style=\"display: block\">\n                    <a href=\"https:\/\/www.themoviedb.org\/movie\/961084\" title=\"Bernadette\">Bernadette<\/a>\n                    &nbsp;  <\/span><span style=\"display: block\">\n                    <a href=\"https:\/\/www.themoviedb.org\/movie\/859235\" title=\"Coup de Chance\">Coup de Chance<\/a>\n                    &nbsp;  <\/span><\/p>\n\n\n\n<p>Septembre \/ Aout<\/p>\n\n\n\n<p><span style=\"display: block\">\n                    <a href=\"https:\/\/www.themoviedb.org\/movie\/980489\" title=\"Gran Turismo\">Gran Turismo<\/a>\n                    &nbsp;  <\/span><span style=\"display: block\">\n                    <a href=\"https:\/\/www.themoviedb.org\/movie\/926393\" title=\"Equalizer 3\">Equalizer 3<\/a>\n                    &nbsp;  <\/span><span style=\"display: block\">\n                    <a href=\"https:\/\/www.themoviedb.org\/movie\/803688\" title=\"\u00c0ma Gloria\">\u00c0ma Gloria<\/a>\n                    &nbsp;  <\/span><span style=\"display: block\">\n                    <a href=\"https:\/\/www.themoviedb.org\/movie\/1000409\" title=\"Une nuit\">Une nuit<\/a>\n                    &nbsp;  <\/span><span style=\"display: block\">\n                    <a href=\"https:\/\/www.themoviedb.org\/movie\/575264\" title=\"Mission : Impossible - Dead Reckoning Partie 1\">Mission : Impossible &#8211; Dead Reckoning Partie 1<\/a>\n                    &nbsp;  <\/span><span style=\"display: block\">\n                    <a href=\"https:\/\/www.themoviedb.org\/movie\/872585\" title=\"Oppenheimer\">Oppenheimer<\/a>\n                    &nbsp;  <\/span><\/p>\n\n\n\n<p>Juillet \/ Juin<\/p>\n\n\n\n<p><span style=\"display: block\">\n                    <a href=\"https:\/\/www.themoviedb.org\/movie\/916423\" title=\"Chonchon, le plus mignon des cochons\">Chonchon, le plus mignon des cochons<\/a>\n                    &nbsp;  <\/span><span style=\"display: block\">\n                    <a href=\"https:\/\/www.themoviedb.org\/movie\/335977\" title=\"Indiana Jones et le Cadran de la destin\u00e9e\">Indiana Jones et le Cadran de la destin\u00e9e<\/a>\n                    &nbsp;  <\/span><span style=\"display: block\">\n                    <a href=\"https:\/\/www.themoviedb.org\/movie\/1005685\" title=\"Les Vengeances de Ma\u00eetre Poutifard\">Les Vengeances de Ma\u00eetre Poutifard<\/a>\n                    &nbsp;  <\/span><\/p>\n\n\n\n<p>Semestre 1<\/p>\n\n\n\n<p><span style=\"display: block\">\n                    <a href=\"https:\/\/www.themoviedb.org\/movie\/1000073\" title=\"Pour l'honneur\">Pour l&rsquo;honneur<\/a>\n                    &nbsp;  <\/span><span style=\"display: block\">\n                    <a href=\"https:\/\/www.themoviedb.org\/movie\/958865\" title=\"Le Principal\">Le Principal<\/a>\n                    &nbsp;  <\/span><span style=\"display: block\">\n                    <a href=\"https:\/\/www.themoviedb.org\/movie\/977337\" title=\"Mon chat et moi, la grande aventure de Rro\u00fb\">Mon chat et moi, la grande aventure de Rro\u00fb<\/a>\n                    &nbsp;  <\/span><span style=\"display: block\">\n                    <a href=\"https:\/\/www.themoviedb.org\/movie\/796185\" title=\"Les Trois Mousquetaires : D'Artagnan\">Les Trois Mousquetaires : D&rsquo;Artagnan<\/a>\n                    &nbsp;  <\/span><span style=\"display: block\">\n                    <a href=\"https:\/\/www.themoviedb.org\/movie\/1000603\" title=\"Les Petites Victoires\">Les Petites Victoires<\/a>\n                    &nbsp;  <\/span><span style=\"display: block\">\n                    <a href=\"https:\/\/www.themoviedb.org\/movie\/890203\" title=\"La Chambre des merveilles\">La Chambre des merveilles<\/a>\n                    &nbsp;  <\/span><span style=\"display: block\">\n                    <a href=\"https:\/\/www.themoviedb.org\/movie\/967585\" title=\"Alibi.com 2\">Alibi.com 2<\/a>\n                    &nbsp;  <\/span><span style=\"display: block\">\n                    <a href=\"https:\/\/www.themoviedb.org\/movie\/928720\" title=\"Le Retour des Hirondelles\">Le Retour des Hirondelles<\/a>\n                    &nbsp;  <\/span><span style=\"display: block\">\n                    <a href=\"https:\/\/www.themoviedb.org\/movie\/958635\" title=\"Cet \u00e9t\u00e9-l\u00e0\">Cet \u00e9t\u00e9-l\u00e0<\/a>\n                    &nbsp;  <\/span><span style=\"display: block\">\n                    <a href=\"https:\/\/www.themoviedb.org\/movie\/958335\" title=\"Les Cyclades\">Les Cyclades<\/a>\n                    &nbsp;  <\/span><span style=\"display: block\">\n                    <a href=\"https:\/\/www.themoviedb.org\/movie\/770724\" title=\"L'immensit\u00e0\">L&rsquo;immensit\u00e0<\/a>\n                    &nbsp;  <\/span><span style=\"display: block\">\n                    <a href=\"https:\/\/www.themoviedb.org\/movie\/973604\" title=\"Brillantes\">Brillantes<\/a>\n                    &nbsp;  <\/span><\/p>\n\n\n\n<h1 class=\"wp-block-heading\"><strong>2022 &#8211; 11 Films<\/strong><\/h1>\n\n\n\n<p><span style=\"display: block\">\n                    <a href=\"https:\/\/www.themoviedb.org\/movie\/925943\" title=\"Saint Omer\">Saint Omer<\/a>\n                    &nbsp;  <\/span><span style=\"display: block\">\n                    <a href=\"https:\/\/www.themoviedb.org\/movie\/971594\" title=\"Les Miens\">Les Miens<\/a>\n                    &nbsp;  <\/span><span style=\"display: block\">\n                    <a href=\"https:\/\/www.themoviedb.org\/movie\/936391\" title=\"Vous n'aurez pas ma haine\">Vous n&rsquo;aurez pas ma haine<\/a>\n                    &nbsp;  <\/span><span style=\"display: block\">\n                    <a href=\"https:\/\/www.themoviedb.org\/movie\/785398\" title=\"EO\">EO<\/a>\n                    &nbsp;  <\/span><span style=\"display: block\">\n                    <a href=\"https:\/\/www.themoviedb.org\/movie\/786977\" title=\"L'Origine du mal\">L&rsquo;Origine du mal<\/a>\n                    &nbsp;  <\/span><span style=\"display: block\">\n                    <a href=\"https:\/\/www.themoviedb.org\/movie\/914203\" title=\"Tori et Lokita\">Tori et Lokita<\/a>\n                    &nbsp;  <\/span><span style=\"display: block\">\n                    <a href=\"https:\/\/www.themoviedb.org\/movie\/497828\" title=\"Sans filtre\">Sans filtre<\/a>\n                    &nbsp;  <\/span><span style=\"display: block\">\n                    <a href=\"https:\/\/www.themoviedb.org\/movie\/823951\" title=\"Novembre\">Novembre<\/a>\n                    &nbsp;  <\/span><span style=\"display: block\">\n                    <a href=\"https:\/\/www.themoviedb.org\/movie\/925096\" title=\"Tout le monde aime Jeanne\">Tout le monde aime Jeanne<\/a>\n                    &nbsp;  <\/span><span style=\"display: block\">\n                    <a href=\"https:\/\/www.themoviedb.org\/movie\/810389\" title=\"Le Visiteur du futur\">Le Visiteur du futur<\/a>\n                    &nbsp;  <\/span><span style=\"display: block\">\n                    <a href=\"https:\/\/www.themoviedb.org\/movie\/852427\" title=\"Kompromat\">Kompromat<\/a>\n                    &nbsp;  <\/span><\/p>\n\n\n\n<h1 class=\"wp-block-heading\"><strong>2021 &#8211; 0 Film Covid<\/strong> <strong>safe<\/strong><\/h1>\n\n\n\n<h1 class=\"wp-block-heading\"><strong>2020 &#8211; 9 Films<\/strong><\/h1>\n\n\n\n<p>Apr\u00e8s Covid 2 mois puis stop<\/p>\n\n\n\n<p><span style=\"display: block\">\n                    <a href=\"https:\/\/www.themoviedb.org\/movie\/720272\" title=\"Terrible jungle\">Terrible jungle<\/a>\n                    &nbsp;  <\/span><span style=\"display: block\">\n                    <a href=\"https:\/\/www.themoviedb.org\/movie\/671041\" title=\"L'Aventure des Marguerite\">L&rsquo;Aventure des Marguerite<\/a>\n                    &nbsp;  <\/span><span style=\"display: block\">\n                    <a href=\"https:\/\/www.themoviedb.org\/movie\/658905\" title=\"Les Parfums\">Les Parfums<\/a>\n                    &nbsp;  <\/span><span style=\"display: block\">\n                    <a href=\"https:\/\/www.themoviedb.org\/movie\/491283\" title=\"Judy\">Judy<\/a>\n                    &nbsp;  <\/span><\/p>\n\n\n\n<p>Avant Covid<\/p>\n\n\n\n<p><span style=\"display: block\">\n                    <a href=\"https:\/\/www.themoviedb.org\/movie\/495764\" title=\"Birds of Prey et la fantabuleuse histoire de Harley Quinn\">Birds of Prey et la fantabuleuse histoire de Harley Quinn<\/a>\n                    &nbsp;  <\/span><span style=\"display: block\">\n                    <a href=\"https:\/\/www.themoviedb.org\/movie\/589973\" title=\"SamSam\">SamSam<\/a>\n                    &nbsp;  <\/span><span style=\"display: block\">\n                    <a href=\"https:\/\/www.themoviedb.org\/movie\/517468\" title=\"La V\u00e9rit\u00e9\">La V\u00e9rit\u00e9<\/a>\n                    &nbsp;  <\/span><span style=\"display: block\">\n                    <a href=\"https:\/\/www.themoviedb.org\/movie\/536869\" title=\"Cats\">Cats<\/a>\n                    &nbsp;  <\/span><span style=\"display: block\">\n                    <a href=\"https:\/\/www.themoviedb.org\/movie\/547258\" title=\"Play\">Play<\/a>\n                    &nbsp;  <\/span><\/p>\n\n\n\n<h1 class=\"wp-block-heading\"><strong>2019 &#8211; 18 Films<\/strong><\/h1>\n\n\n\n<p><span style=\"display: block\">\n                    <a href=\"https:\/\/www.themoviedb.org\/movie\/181812\" title=\"Star Wars : L'Ascension de Skywalker\">Star Wars : L&rsquo;Ascension de Skywalker<\/a>\n                    &nbsp;  <\/span><span style=\"display: block\">\n                    <a href=\"https:\/\/www.themoviedb.org\/movie\/582895\" title=\"Chanson douce\">Chanson douce<\/a>\n                    &nbsp;  <\/span><span style=\"display: block\">\n                    <a href=\"https:\/\/www.themoviedb.org\/movie\/582906\" title=\"Les \u00c9blouis\">Les \u00c9blouis<\/a>\n                    &nbsp;  <\/span><span style=\"display: block\">\n                    <a href=\"https:\/\/www.themoviedb.org\/movie\/444101\" title=\"Le voyage dans la Lune\">Le voyage dans la Lune<\/a>\n                    &nbsp;  <\/span><span style=\"display: block\">\n                    <a href=\"https:\/\/www.themoviedb.org\/movie\/550158\" title=\"Toute ressemblance\u2026\">Toute ressemblance\u2026<\/a>\n                    &nbsp;  <\/span><span style=\"display: block\">\n                    <a href=\"https:\/\/www.themoviedb.org\/movie\/522369\" title=\"Sorry We Missed You\">Sorry We Missed You<\/a>\n                    &nbsp;  <\/span><span style=\"display: block\">\n                    <a href=\"https:\/\/www.themoviedb.org\/movie\/475557\" title=\"Joker\">Joker<\/a>\n                    &nbsp;  <\/span><span style=\"display: block\">\n                    <a href=\"https:\/\/www.themoviedb.org\/movie\/627451\" title=\"Bonjour le monde !\">Bonjour le monde !<\/a>\n                    &nbsp;  <\/span><span style=\"display: block\">\n                    <a href=\"https:\/\/www.themoviedb.org\/tv\/3902\" title=\"Shaun le mouton\">Shaun le mouton<\/a>\n                    &nbsp;  <\/span><span style=\"display: block\">\n                    <a href=\"https:\/\/www.themoviedb.org\/movie\/422803\" title=\"Shaun le mouton, le film&nbsp;: La ferme contre-attaque\">Shaun le mouton, le film&nbsp;: La ferme contre-attaque<\/a>\n                    &nbsp;  <\/span><span style=\"display: block\">\n                    <a href=\"https:\/\/www.themoviedb.org\/movie\/611241\" title=\"Andy\">Andy<\/a>\n                    &nbsp;  <\/span><span style=\"display: block\">\n                    <a href=\"https:\/\/www.themoviedb.org\/movie\/612368\" title=\"Au nom de la terre\">Au nom de la terre<\/a>\n                    &nbsp;  <\/span><span style=\"display: block\">\n                    <a href=\"https:\/\/www.themoviedb.org\/movie\/590017\" title=\"Le dindon\">Le dindon<\/a>\n                    &nbsp;  <\/span><span style=\"display: block\">\n                    <a href=\"https:\/\/www.themoviedb.org\/movie\/603142\" title=\"Et je choisis de vivre\">Et je choisis de vivre<\/a>\n                    &nbsp;  <\/span><span style=\"display: block\">\n                    <a href=\"https:\/\/www.themoviedb.org\/movie\/515195\" title=\"Yesterday\">Yesterday<\/a>\n                    &nbsp;  <\/span><span style=\"display: block\">\n                    <a href=\"https:\/\/www.themoviedb.org\/movie\/536841\" title=\"Diego Maradona\">Diego Maradona<\/a>\n                    &nbsp;  <\/span><span style=\"display: block\">\n                    <a href=\"https:\/\/www.themoviedb.org\/movie\/499701\" title=\"Dora et la cit\u00e9 perdue\">Dora et la cit\u00e9 perdue<\/a>\n                    &nbsp;  <\/span><span style=\"display: block\">\n                    <a href=\"https:\/\/www.themoviedb.org\/movie\/412117\" title=\"Comme des b\u00eates 2\">Comme des b\u00eates 2<\/a>\n                    &nbsp;  <\/span><span style=\"display: block\">\n                    <a href=\"https:\/\/www.themoviedb.org\/movie\/484641\" title=\"Anna\">Anna<\/a>\n                    &nbsp;  <\/span><\/p>\n","protected":false},"excerpt":{"rendered":"<p>Au cin\u00e9ma \u00ab\u00a0la Cane\u00a0\u00bb de Montfort sur Meu&nbsp; 2023 &#8211; Novembre Le Th\u00e9or\u00e8me de Marguerite &nbsp; L&rsquo;air de la mer rend libre &nbsp; Octobre Un m\u00e9tier s\u00e9rieux &nbsp; Toni, en famille &nbsp; Bernadette &nbsp; Coup de Chance &nbsp; Septembre \/ Aout Gran Turismo &nbsp; Equalizer 3 &nbsp; \u00c0ma Gloria &nbsp; Une nuit &nbsp; Mission : [&hellip;]<\/p>\n","protected":false},"author":1,"featured_media":6078,"parent":0,"menu_order":0,"comment_status":"closed","ping_status":"closed","template":"","meta":{"ngg_post_thumbnail":0,"jetpack_post_was_ever_published":false,"_vp_format_video_url":"","_vp_image_focal_point":{"x":0.38,"y":0.56},"footnotes":""},"class_list":["post-4790","page","type-page","status-publish","has-post-thumbnail","hentry"],"jetpack_sharing_enabled":true,"jetpack_shortlink":"https:\/\/wp.me\/PRCHL-1fg","jetpack_likes_enabled":true,"_links":{"self":[{"href":"http:\/\/galipot.fr\/sitesfga\/blog\/wordpress\/index.php?rest_route=\/wp\/v2\/pages\/4790","targetHints":{"allow":["GET"]}}],"collection":[{"href":"http:\/\/galipot.fr\/sitesfga\/blog\/wordpress\/index.php?rest_route=\/wp\/v2\/pages"}],"about":[{"href":"http:\/\/galipot.fr\/sitesfga\/blog\/wordpress\/index.php?rest_route=\/wp\/v2\/types\/page"}],"author":[{"embeddable":true,"href":"http:\/\/galipot.fr\/sitesfga\/blog\/wordpress\/index.php?rest_route=\/wp\/v2\/users\/1"}],"replies":[{"embeddable":true,"href":"http:\/\/galipot.fr\/sitesfga\/blog\/wordpress\/index.php?rest_route=%2Fwp%2Fv2%2Fcomments&post=4790"}],"version-history":[{"count":20,"href":"http:\/\/galipot.fr\/sitesfga\/blog\/wordpress\/index.php?rest_route=\/wp\/v2\/pages\/4790\/revisions"}],"predecessor-version":[{"id":6079,"href":"http:\/\/galipot.fr\/sitesfga\/blog\/wordpress\/index.php?rest_route=\/wp\/v2\/pages\/4790\/revisions\/6079"}],"wp:featuredmedia":[{"embeddable":true,"href":"http:\/\/galipot.fr\/sitesfga\/blog\/wordpress\/index.php?rest_route=\/wp\/v2\/media\/6078"}],"wp:attachment":[{"href":"http:\/\/galipot.fr\/sitesfga\/blog\/wordpress\/index.php?rest_route=%2Fwp%2Fv2%2Fmedia&parent=4790"}],"curies":[{"name":"wp","href":"https:\/\/api.w.org\/{rel}","templated":true}]}}