{"id":2,"date":"2009-03-18T12:52:14","date_gmt":"2009-03-18T11:52:14","guid":{"rendered":"http:\/\/galipot.fr\/sitesfga\/blog\/wordpress\/?page_id=2"},"modified":"2026-03-27T16:42:14","modified_gmt":"2026-03-27T15:42:14","slug":"a-propos","status":"publish","type":"page","link":"http:\/\/galipot.fr\/sitesfga\/blog\/wordpress\/?page_id=2","title":{"rendered":"A propos"},"content":{"rendered":"\t\t<div data-elementor-type=\"wp-page\" data-elementor-id=\"2\" class=\"elementor elementor-2\">\n\t\t\t\t<div class=\"elementor-element elementor-element-feff2fd e-flex e-con-boxed e-con e-parent\" data-id=\"feff2fd\" data-element_type=\"container\" data-e-type=\"container\">\n\t\t\t\t\t<div class=\"e-con-inner\">\n\t\t\t\t<div class=\"elementor-element elementor-element-5babc019 elementor-widget elementor-widget-text-editor\" data-id=\"5babc019\" data-element_type=\"widget\" data-e-type=\"widget\" data-widget_type=\"text-editor.default\">\n\t\t\t\t<div class=\"elementor-widget-container\">\n\t\t\t\t\t\t\t\t\t<h2><b>Le blog d&rsquo;un Ancien Rugbyman et Amateur de Technologie<\/b><\/h2>\n<h2><img decoding=\"async\" src=\"http:\/\/galipot.fr\/sitesfga\/blog\/wordpress\/wp-content\/uploads\/2023\/10\/cIMG_9843-1024x683.jpg\" alt=\"\"><\/h2>\n<p><!-- \/wp:image --><\/p>\n<p style=\"text-align: left;\"><span style=\"font-size: 1rem;\">Touche \u00e0 tout, jeune pr\u00e9 retrait\u00e9 depuis juin 2023, Ing. T\u00e9l\u00e9com, ancien rugbymen, parfois photographe, peintre, projectionniste et voir dessinateur. Ecrivant et pas \u00e9crivain \u00e0 mes heures perdues. J&rsquo;aime la technologie mais aussi les livres qui m&rsquo;envahissent pour mon plus grand bonheur.&nbsp;<\/span><\/p>\n<p style=\"text-align: left;\">Comme vous vous en rendrez compte au fil de mes posts, je suis un peu bourru comme un Ours et d&rsquo;une mauvaise foi l\u00e9gendaire. Mais la plupart des gens que je connais aiment bien ces petits d\u00e9fauts.<\/p>\n<p style=\"text-align: left;\">Avec ce blog je vais essayer de vous faire partager quelques uns de mes autres centres d&rsquo;int\u00e9r\u00eats, \u00e0 savoir&nbsp; la bande dessin\u00e9e , le cin\u00e9ma, le sport et la technologie.<\/p>\n<p style=\"text-align: left;\">Je vous souhaite une bonne lecture.<\/p>\n<p style=\"text-align: left;\">Vos messages seront des encouragements<br>Francis.<\/p>\n<p><strong><img decoding=\"async\" src=\"http:\/\/galipot.fr\/sitesfga\/blog\/wordpress\/wp-content\/uploads\/2011\/11\/ballon_rugby-150x150.jpg\" alt=\"\" width=\"150\" height=\"150\">PS<\/strong> : L&rsquo;orthographe n&rsquo;a jamais \u00e9t\u00e9 un centre d&rsquo;int\u00e9r\u00eat pour moi, j&rsquo;essaye de faire le moins de fautes possibles. Je vous demande un peu d&rsquo;indulgence. Merci<\/p>\t\t\t\t\t\t\t\t<\/div>\n\t\t\t\t<\/div>\n\t\t\t\t\t<\/div>\n\t\t\t\t<\/div>\n\t\t\t\t<\/div>\n\t\t","protected":false},"excerpt":{"rendered":"<p>Le blog d&rsquo;un Ancien Rugbyman et Amateur de Technologie Touche \u00e0 tout, jeune pr\u00e9 retrait\u00e9 depuis juin 2023, Ing. T\u00e9l\u00e9com, ancien rugbymen, parfois photographe, peintre, projectionniste et voir dessinateur. Ecrivant et pas \u00e9crivain \u00e0 mes heures perdues. J&rsquo;aime la technologie mais aussi les livres qui m&rsquo;envahissent pour mon plus grand bonheur.&nbsp; Comme vous vous en [&hellip;]<\/p>\n","protected":false},"author":2,"featured_media":0,"parent":0,"menu_order":0,"comment_status":"open","ping_status":"closed","template":"","meta":{"ngg_post_thumbnail":0,"jetpack_post_was_ever_published":false,"_vp_format_video_url":"","_vp_image_focal_point":[],"footnotes":""},"class_list":["post-2","page","type-page","status-publish","hentry"],"jetpack_sharing_enabled":true,"jetpack_shortlink":"https:\/\/wp.me\/PRCHL-2","jetpack_likes_enabled":true,"_links":{"self":[{"href":"http:\/\/galipot.fr\/sitesfga\/blog\/wordpress\/index.php?rest_route=\/wp\/v2\/pages\/2","targetHints":{"allow":["GET"]}}],"collection":[{"href":"http:\/\/galipot.fr\/sitesfga\/blog\/wordpress\/index.php?rest_route=\/wp\/v2\/pages"}],"about":[{"href":"http:\/\/galipot.fr\/sitesfga\/blog\/wordpress\/index.php?rest_route=\/wp\/v2\/types\/page"}],"author":[{"embeddable":true,"href":"http:\/\/galipot.fr\/sitesfga\/blog\/wordpress\/index.php?rest_route=\/wp\/v2\/users\/2"}],"replies":[{"embeddable":true,"href":"http:\/\/galipot.fr\/sitesfga\/blog\/wordpress\/index.php?rest_route=%2Fwp%2Fv2%2Fcomments&post=2"}],"version-history":[{"count":29,"href":"http:\/\/galipot.fr\/sitesfga\/blog\/wordpress\/index.php?rest_route=\/wp\/v2\/pages\/2\/revisions"}],"predecessor-version":[{"id":6363,"href":"http:\/\/galipot.fr\/sitesfga\/blog\/wordpress\/index.php?rest_route=\/wp\/v2\/pages\/2\/revisions\/6363"}],"wp:attachment":[{"href":"http:\/\/galipot.fr\/sitesfga\/blog\/wordpress\/index.php?rest_route=%2Fwp%2Fv2%2Fmedia&parent=2"}],"curies":[{"name":"wp","href":"https:\/\/api.w.org\/{rel}","templated":true}]}}